{"id":2603,"date":"2019-04-11T12:02:19","date_gmt":"2019-04-11T10:02:19","guid":{"rendered":"http:\/\/www.main-frankfurt-guide.com\/?page_id=2603"},"modified":"2026-02-21T16:37:02","modified_gmt":"2026-02-21T15:37:02","slug":"home","status":"publish","type":"page","link":"https:\/\/www.main-frankfurt-guide.com\/fr\/","title":{"rendered":"Home"},"content":{"rendered":"<div class=\"fusion-fullwidth fullwidth-box fusion-builder-row-1 fusion-flex-container nonhundred-percent-fullwidth non-hundred-percent-height-scrolling\" style=\"--awb-border-radius-top-left:0px;--awb-border-radius-top-right:0px;--awb-border-radius-bottom-right:0px;--awb-border-radius-bottom-left:0px;--awb-flex-wrap:wrap;\" ><div class=\"fusion-builder-row fusion-row fusion-flex-align-items-flex-start fusion-flex-content-wrap\" style=\"max-width:1112.8px;margin-left: calc(-4% \/ 2 );margin-right: calc(-4% \/ 2 );\"><div class=\"fusion-layout-column fusion_builder_column fusion-builder-column-0 fusion_builder_column_1_1 1_1 fusion-flex-column\" style=\"--awb-bg-blend:overlay;--awb-bg-size:cover;--awb-width-large:100%;--awb-margin-top-large:0px;--awb-spacing-right-large:1.92%;--awb-margin-bottom-large:0px;--awb-spacing-left-large:1.92%;--awb-width-medium:100%;--awb-spacing-right-medium:1.92%;--awb-spacing-left-medium:1.92%;--awb-width-small:100%;--awb-spacing-right-small:1.92%;--awb-spacing-left-small:1.92%;\"><div class=\"fusion-column-wrapper fusion-flex-justify-content-flex-start fusion-content-layout-column\"><div class=\"fusion-separator fusion-full-width-sep\" style=\"align-self: center;margin-left: auto;margin-right: auto;margin-top:20px;margin-bottom:20px;width:100%;\"><\/div><\/div><\/div><div class=\"fusion-layout-column fusion_builder_column fusion-builder-column-1 fusion_builder_column_1_4 1_4 fusion-flex-column fusion-no-small-visibility\" style=\"--awb-bg-blend:overlay;--awb-bg-size:cover;--awb-width-large:25%;--awb-margin-top-large:0px;--awb-spacing-right-large:3.84%;--awb-margin-bottom-large:0px;--awb-spacing-left-large:7.68%;--awb-width-medium:25%;--awb-spacing-right-medium:3.84%;--awb-spacing-left-medium:7.68%;--awb-width-small:100%;--awb-spacing-right-small:1.92%;--awb-spacing-left-small:1.92%;\"><div class=\"fusion-column-wrapper fusion-column-has-shadow fusion-flex-justify-content-flex-start fusion-content-layout-column\"><div class=\"fusion-image-element \" style=\"text-align:left;--awb-caption-title-font-family:var(--h2_typography-font-family);--awb-caption-title-font-weight:var(--h2_typography-font-weight);--awb-caption-title-font-style:var(--h2_typography-font-style);--awb-caption-title-size:var(--h2_typography-font-size);--awb-caption-title-transform:var(--h2_typography-text-transform);--awb-caption-title-line-height:var(--h2_typography-line-height);--awb-caption-title-letter-spacing:var(--h2_typography-letter-spacing);\"><span class=\" fusion-imageframe imageframe-none imageframe-1 hover-type-none\"><img decoding=\"async\" width=\"268\" height=\"448\" title=\"new pictures annette evans\" src=\"https:\/\/www.main-frankfurt-guide.com\/wp-content\/uploads\/2026\/02\/new-pictures-annette-evans.jpg\" alt class=\"img-responsive wp-image-4194\" srcset=\"https:\/\/www.main-frankfurt-guide.com\/wp-content\/uploads\/2026\/02\/new-pictures-annette-evans-200x334.jpg 200w, https:\/\/www.main-frankfurt-guide.com\/wp-content\/uploads\/2026\/02\/new-pictures-annette-evans.jpg 268w\" sizes=\"(max-width: 640px) 100vw, 268px\" \/><\/span><\/div><div class=\"fusion-separator fusion-full-width-sep\" style=\"align-self: center;margin-left: auto;margin-right: auto;margin-top:20px;width:100%;\"><\/div><\/div><\/div><div class=\"fusion-layout-column fusion_builder_column fusion-builder-column-2 fusion_builder_column_3_4 3_4 fusion-flex-column\" style=\"--awb-padding-right:5%;--awb-bg-blend:overlay;--awb-bg-size:cover;--awb-width-large:75%;--awb-margin-top-large:0px;--awb-spacing-right-large:2.56%;--awb-margin-bottom-large:0px;--awb-spacing-left-large:3.84%;--awb-width-medium:75%;--awb-spacing-right-medium:2.56%;--awb-spacing-left-medium:3.84%;--awb-width-small:100%;--awb-spacing-right-small:1.92%;--awb-spacing-left-small:1.92%;\"><div class=\"fusion-column-wrapper fusion-column-has-shadow fusion-flex-justify-content-flex-start fusion-content-layout-column\"><div class=\"fusion-text fusion-text-1\"><h1 style=\"--fontSize: 30; line-height: 1.11;\" data-fontsize=\"30\" data-lineheight=\"33.299999px\" class=\"fusion-responsive-typography-calculated\">Bienvenue \u00e0 Francfort-sur-le-Main!<\/h1>\n<p>En tant que guide touristique agr\u00e9\u00e9e depuis 2008, je montre Francfort avec toutes ses facettes aux visiteurs allemands et du monde entier.<\/p>\n<p>Avec mes visites \u00e9labor\u00e9es individuellement, il est important pour moi de vous montrer cette ville internationale d\u2019une fa\u00e7on vivante, aussi \u00e0 l\u2019aide d\u2019anecdotes. J\u2019aimerais vous transmettre mon enthousiasme pour cette ville.<\/p>\n<p>Que ce soit des groupes de voyage, des entreprises, des familles ou des \u00e9coles, chaque groupe est un d\u00e9fi int\u00e9ressant. Evidemment, on peut varier les th\u00e8mes des visites. Explorer la ville &#8211; cela est possible \u00e0 pied, en car ou encore \u00e0 bicyclette&#8230;<\/p>\n<p>En plus, j\u2019organise des transferts d\u2019a\u00e9roport et suis \u00e0 votre disposition pour toutes questions sur les h\u00f4tels, \u00e9v\u00e8nements ou outre \u00e0 Francfort.<\/p>\n<p>Toutes les visites peuvent \u00eatre command\u00e9es en allemand, fran\u00e7ais ou en anglais. Le prix de la visite d\u00e9pend du nombre d\u2019heures et du nombre de personnes. C\u2019est avec plaisir que je vous pr\u00e9pare un offre.<\/p>\n<p>Je vous souhaite un s\u00e9jour int\u00e9ressant et passionnant \u00e0 Francfort!<\/p>\n<p><span style=\"font-family: var(--awb-text-font-family); font-size: var(--awb-font-size); font-style: var(--awb-text-font-style); letter-spacing: var(--awb-letter-spacing); text-align: var(--awb-content-alignment); text-transform: var(--awb-text-transform);\">Votre guide,<\/span><\/p>\n<\/div><div class=\"fusion-image-element \" style=\"--awb-caption-title-font-family:var(--h2_typography-font-family);--awb-caption-title-font-weight:var(--h2_typography-font-weight);--awb-caption-title-font-style:var(--h2_typography-font-style);--awb-caption-title-size:var(--h2_typography-font-size);--awb-caption-title-transform:var(--h2_typography-text-transform);--awb-caption-title-line-height:var(--h2_typography-line-height);--awb-caption-title-letter-spacing:var(--h2_typography-letter-spacing);\"><span class=\" fusion-imageframe imageframe-none imageframe-2 hover-type-none\"><img decoding=\"async\" width=\"355\" height=\"69\" title=\"signature\" src=\"https:\/\/www.main-frankfurt-guide.com\/wp-content\/uploads\/2019\/04\/signature.png\" alt class=\"img-responsive wp-image-2363\" srcset=\"https:\/\/www.main-frankfurt-guide.com\/wp-content\/uploads\/2019\/04\/signature-200x39.png 200w, https:\/\/www.main-frankfurt-guide.com\/wp-content\/uploads\/2019\/04\/signature.png 355w\" sizes=\"(max-width: 640px) 100vw, 355px\" \/><\/span><\/div><\/div><\/div><\/div><\/div>\n","protected":false},"excerpt":{"rendered":"","protected":false},"author":1,"featured_media":0,"parent":0,"menu_order":0,"comment_status":"closed","ping_status":"closed","template":"100-width.php","meta":{"footnotes":""},"class_list":["post-2603","page","type-page","status-publish","hentry"],"aioseo_notices":[],"_links":{"self":[{"href":"https:\/\/www.main-frankfurt-guide.com\/fr\/wp-json\/wp\/v2\/pages\/2603","targetHints":{"allow":["GET"]}}],"collection":[{"href":"https:\/\/www.main-frankfurt-guide.com\/fr\/wp-json\/wp\/v2\/pages"}],"about":[{"href":"https:\/\/www.main-frankfurt-guide.com\/fr\/wp-json\/wp\/v2\/types\/page"}],"author":[{"embeddable":true,"href":"https:\/\/www.main-frankfurt-guide.com\/fr\/wp-json\/wp\/v2\/users\/1"}],"replies":[{"embeddable":true,"href":"https:\/\/www.main-frankfurt-guide.com\/fr\/wp-json\/wp\/v2\/comments?post=2603"}],"version-history":[{"count":8,"href":"https:\/\/www.main-frankfurt-guide.com\/fr\/wp-json\/wp\/v2\/pages\/2603\/revisions"}],"predecessor-version":[{"id":4268,"href":"https:\/\/www.main-frankfurt-guide.com\/fr\/wp-json\/wp\/v2\/pages\/2603\/revisions\/4268"}],"wp:attachment":[{"href":"https:\/\/www.main-frankfurt-guide.com\/fr\/wp-json\/wp\/v2\/media?parent=2603"}],"curies":[{"name":"wp","href":"https:\/\/api.w.org\/{rel}","templated":true}]}}