{"id":2659,"date":"2019-04-11T12:59:34","date_gmt":"2019-04-11T10:59:34","guid":{"rendered":"http:\/\/www.main-frankfurt-guide.com\/?page_id=2659"},"modified":"2026-02-06T12:06:23","modified_gmt":"2026-02-06T11:06:23","slug":"votre-guide","status":"publish","type":"page","link":"https:\/\/www.main-frankfurt-guide.com\/fr\/votre-guide\/","title":{"rendered":"Votre Guide"},"content":{"rendered":"<div class=\"fusion-fullwidth fullwidth-box fusion-builder-row-1 fusion-flex-container nonhundred-percent-fullwidth non-hundred-percent-height-scrolling\" style=\"--awb-border-radius-top-left:0px;--awb-border-radius-top-right:0px;--awb-border-radius-bottom-right:0px;--awb-border-radius-bottom-left:0px;--awb-padding-bottom:60px;--awb-flex-wrap:wrap;\" ><div class=\"fusion-builder-row fusion-row fusion-flex-align-items-flex-start fusion-flex-content-wrap\" style=\"max-width:1112.8px;margin-left: calc(-4% \/ 2 );margin-right: calc(-4% \/ 2 );\"><div class=\"fusion-layout-column fusion_builder_column fusion-builder-column-0 fusion_builder_column_1_1 1_1 fusion-flex-column fusion-no-small-visibility fusion-no-medium-visibility\" style=\"--awb-bg-blend:overlay;--awb-bg-size:cover;--awb-width-large:100%;--awb-margin-top-large:0px;--awb-spacing-right-large:1.92%;--awb-margin-bottom-large:0px;--awb-spacing-left-large:1.92%;--awb-width-medium:100%;--awb-spacing-right-medium:1.92%;--awb-spacing-left-medium:1.92%;--awb-width-small:100%;--awb-spacing-right-small:1.92%;--awb-spacing-left-small:1.92%;\"><div class=\"fusion-column-wrapper fusion-column-has-shadow fusion-flex-justify-content-flex-start fusion-content-layout-column\"><div class=\"fusion-separator fusion-full-width-sep\" style=\"align-self: center;margin-left: auto;margin-right: auto;margin-top:40px;width:100%;\"><\/div><\/div><\/div><div class=\"fusion-layout-column fusion_builder_column fusion-builder-column-1 fusion_builder_column_1_4 1_4 fusion-flex-column fusion-no-small-visibility\" style=\"--awb-bg-blend:overlay;--awb-bg-size:cover;--awb-width-large:25%;--awb-margin-top-large:0px;--awb-spacing-right-large:3.84%;--awb-margin-bottom-large:0px;--awb-spacing-left-large:7.68%;--awb-width-medium:25%;--awb-spacing-right-medium:3.84%;--awb-spacing-left-medium:7.68%;--awb-width-small:100%;--awb-spacing-right-small:1.92%;--awb-spacing-left-small:1.92%;\"><div class=\"fusion-column-wrapper fusion-column-has-shadow fusion-flex-justify-content-flex-start fusion-content-layout-column\"><div class=\"fusion-image-element \" style=\"text-align:left;--awb-caption-title-font-family:var(--h2_typography-font-family);--awb-caption-title-font-weight:var(--h2_typography-font-weight);--awb-caption-title-font-style:var(--h2_typography-font-style);--awb-caption-title-size:var(--h2_typography-font-size);--awb-caption-title-transform:var(--h2_typography-text-transform);--awb-caption-title-line-height:var(--h2_typography-line-height);--awb-caption-title-letter-spacing:var(--h2_typography-letter-spacing);\"><span class=\" fusion-imageframe imageframe-none imageframe-1 hover-type-none\"><img decoding=\"async\" width=\"268\" height=\"526\" title=\"uber_mich_left1\" src=\"https:\/\/www.main-frankfurt-guide.com\/wp-content\/uploads\/2020\/04\/uber_mich_left1.jpg\" alt class=\"img-responsive wp-image-3312\" srcset=\"https:\/\/www.main-frankfurt-guide.com\/wp-content\/uploads\/2020\/04\/uber_mich_left1-200x393.jpg 200w, https:\/\/www.main-frankfurt-guide.com\/wp-content\/uploads\/2020\/04\/uber_mich_left1.jpg 268w\" sizes=\"(max-width: 640px) 100vw, 268px\" \/><\/span><\/div><div class=\"fusion-separator fusion-full-width-sep\" style=\"align-self: center;margin-left: auto;margin-right: auto;margin-top:40px;width:100%;\"><\/div><\/div><\/div><div class=\"fusion-layout-column fusion_builder_column fusion-builder-column-2 fusion_builder_column_3_4 3_4 fusion-flex-column\" style=\"--awb-padding-right:5%;--awb-bg-blend:overlay;--awb-bg-size:cover;--awb-width-large:75%;--awb-margin-top-large:0px;--awb-spacing-right-large:2.56%;--awb-margin-bottom-large:0px;--awb-spacing-left-large:3.84%;--awb-width-medium:75%;--awb-spacing-right-medium:2.56%;--awb-spacing-left-medium:3.84%;--awb-width-small:100%;--awb-spacing-right-small:1.92%;--awb-spacing-left-small:1.92%;\"><div class=\"fusion-column-wrapper fusion-column-has-shadow fusion-flex-justify-content-flex-start fusion-content-layout-column\"><div class=\"fusion-text fusion-text-1\"><div class=\"fusion-text\">\n<h1 class=\"fusion-responsive-typography-calculated\" style=\"--fontsize: 30; line-height: 1.11;\" data-fontsize=\"30\" data-lineheight=\"33.3px\">Mon portrait<\/h1>\n<p>J\u2019ai pass\u00e9 les premiers 23 ans de ma vie \u00e0 I\u00e9na, en ancienne RDA. Avec la chute du mur en 1989 et la r\u00e9unification de l\u2019Allemagne un an plus tard, j\u2019ai finalement pu quitter mon pays afin de d\u00e9couvrir l\u2019Europe&#8230; D\u2019abord j\u2019ai v\u00e9cu et travaill\u00e9 \u00e0 Bruxelles pendant trois ans en tant qu\u2019assistante m\u00e9dicale et technique. Parall\u00e8lement, j\u2019ai appris le fran\u00e7ais et l\u2019anglais. Puis j\u2019ai pass\u00e9 deux ans dans une l\u2019\u00e9cole \u00e0 Aix-la-Chapelle pour passer mon baccalaur\u00e9at. Pendant mes \u00e9tudes de traduction \u00e0 l\u2019universit\u00e9 de Heidelberg j\u2019ai \u00e9galement pass\u00e9 un an d\u2019\u00e9tudes \u00e0 Dublin, en Irlande. L\u2019\u00e9tape la plus longue \u00e9tait Paris&#8230;la ville est devenue notre \u201echez nous\u201c pour neuf ans. J\u2019ai pu y obtenir des exp\u00e9riences professionelles dans la domaine des relations publiques au sein de l\u2019Ambassade d\u2019Allemagne et dans deux grandes agences parisiennes.<\/p>\n<p>En 2007, ma famille et moi avons d\u00e9m\u00e9nag\u00e9 de Paris \u00e0 Francfort. Cette ville europ\u00e9enne m\u2019a toujours impressionn\u00e9e et attir\u00e9e pendant mes courtes visites. Un an plus tard, j\u2019ai obtenu la qualification de guide touristique agr\u00e9\u00e9 de Francfort. Gr\u00e2ce aux nombreux voyages et \u00e0 ma vie \u00e0 l\u2019\u00e9tranger, j\u2019aimerais vous montrer cette ville fortement internationale d\u2019une fa\u00e7on vivante, aussi \u00e0 l\u2019aide d\u2019anecdotes, ayant toujours en t\u00eate de vous transmettre mon enthousiasme pour cette ville<\/p>\n<p><strong>Mes partenaires sont entre autres:<\/strong><br \/>\nHessische Landeszentrale f\u00fcr politische Bildung<br \/>\nBundesstiftung zur Aufarbeitung der SED-Diktatur (Zeitzeugenb\u00fcro)<br \/>\nHessische Hausstiftung (Schlosshotel Kronberg)<br \/>\nVelotaxi Frankfurt M. Graf<br \/>\nDarmstadt Marketing GmbH \u2013 Europ\u00e4ische Weltraumorganisation (ESA)<br \/>\nReferat f\u00fcr Internationale Angelegenheiten (Stadt FfM)<\/p>\n<p><strong>Qualifications<\/strong><br \/>\n<a href=\"https:\/\/www.bvgd.org\/qualifizierung\/ausbildungsmodell-zertifizierung\/din-en-richtlinien\/\" target=\"blank\" rel=\"noopener noreferrer\">Qualified Guide at European standard (BVGD Certificate DIN EN 15565) &#8211; proofed by the German National Tourist Guide Association<\/a><br \/>\nQualified Guide of the European Space Operation Centre &#8211; proofed by Darmstadt Marketing GmbH<br \/>\nQualified Guide of the City of Frankfurt &#8211; proofed by the Frankfurt Tourismus+Congress GmbH<\/p>\n<p><strong>Adh\u00e9sion<\/strong><br \/>\nGerman National Tourist Guide Association<br \/>\nFrankfurt City Guide Association<\/p>\n<\/div>\n<\/div><\/div><\/div><\/div><\/div>\n","protected":false},"excerpt":{"rendered":"","protected":false},"author":1,"featured_media":0,"parent":0,"menu_order":0,"comment_status":"closed","ping_status":"closed","template":"100-width.php","meta":{"footnotes":""},"class_list":["post-2659","page","type-page","status-publish","hentry"],"aioseo_notices":[],"_links":{"self":[{"href":"https:\/\/www.main-frankfurt-guide.com\/fr\/wp-json\/wp\/v2\/pages\/2659","targetHints":{"allow":["GET"]}}],"collection":[{"href":"https:\/\/www.main-frankfurt-guide.com\/fr\/wp-json\/wp\/v2\/pages"}],"about":[{"href":"https:\/\/www.main-frankfurt-guide.com\/fr\/wp-json\/wp\/v2\/types\/page"}],"author":[{"embeddable":true,"href":"https:\/\/www.main-frankfurt-guide.com\/fr\/wp-json\/wp\/v2\/users\/1"}],"replies":[{"embeddable":true,"href":"https:\/\/www.main-frankfurt-guide.com\/fr\/wp-json\/wp\/v2\/comments?post=2659"}],"version-history":[{"count":8,"href":"https:\/\/www.main-frankfurt-guide.com\/fr\/wp-json\/wp\/v2\/pages\/2659\/revisions"}],"predecessor-version":[{"id":4222,"href":"https:\/\/www.main-frankfurt-guide.com\/fr\/wp-json\/wp\/v2\/pages\/2659\/revisions\/4222"}],"wp:attachment":[{"href":"https:\/\/www.main-frankfurt-guide.com\/fr\/wp-json\/wp\/v2\/media?parent=2659"}],"curies":[{"name":"wp","href":"https:\/\/api.w.org\/{rel}","templated":true}]}}