{"id":3353,"date":"2019-04-02T12:43:07","date_gmt":"2019-04-02T10:43:07","guid":{"rendered":"https:\/\/www.main-frankfurt-guide.com\/francfort\/fahrradtouren\/"},"modified":"2020-05-10T13:47:06","modified_gmt":"2020-05-10T11:47:06","slug":"fahrradtouren","status":"publish","type":"page","link":"https:\/\/www.main-frankfurt-guide.com\/fr\/francfort\/fahrradtouren\/","title":{"rendered":"En v\u00e9lo"},"content":{"rendered":"<div class=\"fusion-fullwidth fullwidth-box fusion-builder-row-1 fusion-flex-container nonhundred-percent-fullwidth non-hundred-percent-height-scrolling\" style=\"--awb-background-position:left top;--awb-border-radius-top-left:0px;--awb-border-radius-top-right:0px;--awb-border-radius-bottom-right:0px;--awb-border-radius-bottom-left:0px;--awb-padding-top:20px;--awb-padding-bottom:140px;--awb-border-sizes-top:0px;--awb-border-sizes-bottom:0px;--awb-flex-wrap:wrap;\" ><div class=\"fusion-builder-row fusion-row fusion-flex-align-items-flex-start fusion-flex-content-wrap\" style=\"max-width:calc( 1070px + 0px );margin-left: calc(-0px \/ 2 );margin-right: calc(-0px \/ 2 );\"><div class=\"fusion-layout-column fusion_builder_column fusion-builder-column-0 fusion_builder_column_1_1 1_1 fusion-flex-column fusion-flex-align-self-flex-start fusion-column-no-min-height\" style=\"--awb-bg-size:cover;--awb-width-large:100%;--awb-margin-top-large:0px;--awb-spacing-right-large:0px;--awb-margin-bottom-large:0px;--awb-spacing-left-large:0px;--awb-width-medium:100%;--awb-spacing-right-medium:0px;--awb-spacing-left-medium:0px;--awb-width-small:100%;--awb-spacing-right-small:0px;--awb-spacing-left-small:0px;\"><div class=\"fusion-column-wrapper fusion-flex-justify-content-flex-start fusion-content-layout-column\"><style type=\"text\/css\">.fusion-portfolio-wrapper#fusion-portfolio-1 .fusion-portfolio-content{ padding: 25px 25px 25px 25px; text-align: left; }<\/style><div class=\"fusion-recent-works fusion-portfolio-element fusion-portfolio fusion-portfolio-1 fusion-portfolio-grid fusion-portfolio-paging-none fusion-portfolio-three fusion-portfolio-boxed fusion-portfolio-text fusion-portfolio-equal-heights\" data-id=\"-rw-1\" data-columns=\"three\"><style type=\"text\/css\">.fusion-portfolio-1 .fusion-portfolio-wrapper .fusion-col-spacing{padding:11px;}<\/style><div class=\"fusion-portfolio-wrapper\" id=\"fusion-portfolio-1\" data-picturesize=\"auto\" data-pages=\"1\" style=\"margin:-11px;\"><article id=\"portfolio-1-post-3315\" class=\"fusion-portfolio-post fahrradtouren-fr frankfurt-fr fusion-col-spacing post-3315\"><div class=\"fusion-portfolio-content-wrapper\" style=\"border:1px solid #ebeaea;border-bottom-width:3px;background-color:rgba(255,255,255,0);\"><span class=\"vcard rich-snippet-hidden\"><span class=\"fn\">Annette Evans<\/span><\/span><span class=\"updated rich-snippet-hidden\">2026-03-11T10:16:55+01:00<\/span><div  class=\"fusion-image-wrapper\" aria-haspopup=\"true\">\n\t\t\t\t\t\t\t<a href=\"https:\/\/www.main-frankfurt-guide.com\/fr\/stadtfuehrungen-touren\/frankfurt-per-pedale\/?portfolioCats=92\" aria-label=\"Francfort \u00e0 v\u00e9lo\u2026\">\n\t\t\t\t\t\t\t<img decoding=\"async\" width=\"600\" height=\"376\" src=\"https:\/\/www.main-frankfurt-guide.com\/wp-content\/uploads\/2019\/04\/fahrrad-porto.jpg\" class=\"attachment-full size-full wp-post-image\" alt=\"\" srcset=\"https:\/\/www.main-frankfurt-guide.com\/wp-content\/uploads\/2019\/04\/fahrrad-porto-200x125.jpg 200w, https:\/\/www.main-frankfurt-guide.com\/wp-content\/uploads\/2019\/04\/fahrrad-porto-400x251.jpg 400w, https:\/\/www.main-frankfurt-guide.com\/wp-content\/uploads\/2019\/04\/fahrrad-porto.jpg 600w\" sizes=\"(min-width: 2200px) 100vw, (min-width: 824px) 342px, (min-width: 732px) 513px, (min-width: 640px) 732px, \" \/>\t\t\t<\/a>\n\t\t\t\t\t\t\t<\/div>\n<div class=\"fusion-portfolio-content\" style=\"background-color:rgba(255,255,255,0);\"><h2 class=\"entry-title fusion-post-title\"><a href=\"https:\/\/www.main-frankfurt-guide.com\/fr\/stadtfuehrungen-touren\/frankfurt-per-pedale\/?portfolioCats=92\">Francfort \u00e0 v\u00e9lo\u2026<\/a><\/h2><div class=\"fusion-content-sep sep-double sep-solid\" style=\"border-color:#e0dede;\"><\/div><div class=\"fusion-post-content\"><p>     Francfort \u00e0 v\u00e9lo\u2026. Quand j\u2019ai emm\u00e9nag\u00e9 \u00e0 Francfort, je me suis rendue compte que l\u2019on  [...]<\/p><\/div><\/div><\/div><\/article><\/div><\/div><\/div><\/div><\/div><\/div>\n","protected":false},"excerpt":{"rendered":"","protected":false},"author":1,"featured_media":0,"parent":2671,"menu_order":0,"comment_status":"closed","ping_status":"closed","template":"","meta":{"footnotes":""},"class_list":["post-3353","page","type-page","status-publish","hentry"],"aioseo_notices":[],"_links":{"self":[{"href":"https:\/\/www.main-frankfurt-guide.com\/fr\/wp-json\/wp\/v2\/pages\/3353","targetHints":{"allow":["GET"]}}],"collection":[{"href":"https:\/\/www.main-frankfurt-guide.com\/fr\/wp-json\/wp\/v2\/pages"}],"about":[{"href":"https:\/\/www.main-frankfurt-guide.com\/fr\/wp-json\/wp\/v2\/types\/page"}],"author":[{"embeddable":true,"href":"https:\/\/www.main-frankfurt-guide.com\/fr\/wp-json\/wp\/v2\/users\/1"}],"replies":[{"embeddable":true,"href":"https:\/\/www.main-frankfurt-guide.com\/fr\/wp-json\/wp\/v2\/comments?post=3353"}],"version-history":[{"count":2,"href":"https:\/\/www.main-frankfurt-guide.com\/fr\/wp-json\/wp\/v2\/pages\/3353\/revisions"}],"predecessor-version":[{"id":3370,"href":"https:\/\/www.main-frankfurt-guide.com\/fr\/wp-json\/wp\/v2\/pages\/3353\/revisions\/3370"}],"up":[{"embeddable":true,"href":"https:\/\/www.main-frankfurt-guide.com\/fr\/wp-json\/wp\/v2\/pages\/2671"}],"wp:attachment":[{"href":"https:\/\/www.main-frankfurt-guide.com\/fr\/wp-json\/wp\/v2\/media?parent=3353"}],"curies":[{"name":"wp","href":"https:\/\/api.w.org\/{rel}","templated":true}]}}