{"id":3808,"date":"2022-10-04T15:39:56","date_gmt":"2022-10-04T13:39:56","guid":{"rendered":"https:\/\/www.main-frankfurt-guide.com\/?page_id=3808"},"modified":"2022-10-04T15:39:56","modified_gmt":"2022-10-04T13:39:56","slug":"agb","status":"publish","type":"page","link":"https:\/\/www.main-frankfurt-guide.com\/fr\/agb\/","title":{"rendered":"AGB"},"content":{"rendered":"<div class=\"fusion-fullwidth fullwidth-box fusion-builder-row-1 fusion-flex-container nonhundred-percent-fullwidth non-hundred-percent-height-scrolling\" style=\"--awb-border-radius-top-left:0px;--awb-border-radius-top-right:0px;--awb-border-radius-bottom-right:0px;--awb-border-radius-bottom-left:0px;--awb-padding-bottom:60px;--awb-flex-wrap:wrap;\" ><div class=\"fusion-builder-row fusion-row fusion-flex-align-items-flex-start fusion-flex-content-wrap\" style=\"max-width:1112.8px;margin-left: calc(-4% \/ 2 );margin-right: calc(-4% \/ 2 );\"><div class=\"fusion-layout-column fusion_builder_column fusion-builder-column-0 fusion_builder_column_1_1 1_1 fusion-flex-column fusion-no-small-visibility fusion-no-medium-visibility\" style=\"--awb-bg-size:cover;--awb-width-large:100%;--awb-margin-top-large:0px;--awb-spacing-right-large:1.92%;--awb-margin-bottom-large:0px;--awb-spacing-left-large:1.92%;--awb-width-medium:100%;--awb-spacing-right-medium:1.92%;--awb-spacing-left-medium:1.92%;--awb-width-small:100%;--awb-spacing-right-small:1.92%;--awb-spacing-left-small:1.92%;\"><div class=\"fusion-column-wrapper fusion-column-has-shadow fusion-flex-justify-content-flex-start fusion-content-layout-column\"><div class=\"fusion-separator fusion-full-width-sep\" style=\"align-self: center;margin-left: auto;margin-right: auto;margin-top:40px;width:100%;\"><\/div><\/div><\/div><div class=\"fusion-layout-column fusion_builder_column fusion-builder-column-1 fusion_builder_column_3_4 3_4 fusion-flex-column\" style=\"--awb-padding-right:5%;--awb-bg-size:cover;--awb-width-large:75%;--awb-margin-top-large:0px;--awb-spacing-right-large:3.84%;--awb-margin-bottom-large:0px;--awb-spacing-left-large:2.56%;--awb-width-medium:75%;--awb-spacing-right-medium:3.84%;--awb-spacing-left-medium:2.56%;--awb-width-small:100%;--awb-spacing-right-small:1.92%;--awb-spacing-left-small:1.92%;\"><div class=\"fusion-column-wrapper fusion-column-has-shadow fusion-flex-justify-content-flex-start fusion-content-layout-column\"><div class=\"fusion-text fusion-text-1\"><div class=\"fusion-text\">\n<div class=\"fusion-text\">\n<h1><strong>Allgemeine Gesch\u00e4ftsbedingungen <\/strong><\/h1>\n<h3>Main Frankfurt Guide<\/h3>\n<\/div>\n<h3>G\u00fcltigkeit<\/h3>\n<p>Die auf dieser Homepage aufgef\u00fchrten Touren werden auf der Grundlage dieser Allgemeinen Gesch\u00e4ftsbedingungen angeboten und erbracht. Bei Buchung einer F\u00fchrung wird diese durch \u00dcbersendung der Auftragsbest\u00e4tigung verbindlich. Die Tour wird durch die Inhaberin Annette Evans oder durch einen anderen kompetenten G\u00e4stef\u00fchrer durchgef\u00fchrt.<br \/>\nMain Frankfurt Guide in Frankfurt ist berechtigt, die angebotenen Touren an ge\u00e4nderte Rahmenbedingungen, wie zum Beispiel die Gruppengr\u00f6\u00dfe, Witterungsbedingungen, Jahreszeiten und \u00d6ffnungszeiten der Besichtigungsorte anzupassen.<\/p>\n<h3>Stornierung<\/h3>\n<p>Sollten Sie nicht in der Lage sein, eine gebuchte Tour wahrzunehmen, k\u00f6nnen Sie diese bis 48 Stunden vor Veranstaltungsbeginn kostenfrei stornieren. Danach zahlen Sie bei Stornierung oder Nichtteilnahme 50%, mindestens aber 50,00 \u20ac, wenn nicht ein anderer Termin zustande kommt. Der vereinbarte Preis ist auch bei Nichterscheinen der Gruppe oder bei einer mehr als 30-min\u00fctigen Versp\u00e4tung der Gruppe zu zahlen.<\/p>\n<p>Ein best\u00e4tigter Auftrag kann nur schriftlich storniert werden.<\/p>\n<p>Im Falle einer pl\u00f6tzlichen Erkrankung des G\u00e4stef\u00fchrers, eines Unwetters oder anderer h\u00f6herer Gewalt beh\u00e4lt sich Main Frankfurt Guide die Absage des Termins vor. Der Auftraggeber kann nach seiner Wahl eine bereits gezahlte Geb\u00fchr erstattet bekommen oder einen Ersatztermin vereinbaren. Main Frankfurt Guide ist bem\u00fcht, einen ad\u00e4quaten Ersatz f\u00fcr einen erkrankten G\u00e4stef\u00fchrer zu finden. Weitere Ersatzanspr\u00fcche sind ausgeschlossen.<\/p>\n<p>Main Frankfurt Guide ist ebenfalls berechtigt, die F\u00fchrung abzusagen bzw. abzubrechen, wenn einer oder mehrere Teilnehmer der Gruppe alkoholisiert sind bzw. aus anderen Gr\u00fcnden die sichere Durchf\u00fchrung der Veranstaltung nicht gew\u00e4hrleistet ist. In diesem Fall bleibt der Anspruch auf Zahlung der Geb\u00fchr in voller H\u00f6he erhalten.<\/p>\n<h3>Wartezeit<\/h3>\n<p>Die Wartezeit des G\u00e4stef\u00fchrers betr\u00e4gt maximal 30 Minuten. Nach Ablauf dieser Zeit entf\u00e4llt der Anspruch auf die F\u00fchrung\/Veranstaltung, wobei der vereinbarte Betrag vollst\u00e4ndig vom Auftraggeber zu bezahlen ist. Bei versp\u00e4tetem Eintreffen der zu f\u00fchrenden Gruppe verk\u00fcrzt sich die F\u00fchrung\/Veranstaltung um die Dauer der Wartezeit.<\/p>\n<h3>Aufsichtspflicht<\/h3>\n<p>Bei F\u00fchrungen\/Veranstaltungen mit Kindern, Jugendlichen oder anderweitig aufsichtsbed\u00fcrftigen Personen \u00fcbernimmt der Auftragnehmer nicht die Aufsichtspflicht. Diese verbleibt w\u00e4hrend der gesamten Veranstaltung beim Auftraggeber.<\/p>\n<h3>Haftung<\/h3>\n<p>Die Teilnahme an den F\u00fchrungen von Main Frankfurt Guide erfolgt auf eigene Gefahr.<br \/>\nDie Haftung des Auftragnehmers beschr\u00e4nkt sich auf die Erf\u00fcllung des vereinbarten Leistungsumfangs und ist finanziell begrenzt auf die H\u00f6he des vereinbarten F\u00fchrungshonorars. Diese betragsm\u00e4\u00dfige Haftungsbegrenzung gilt nicht f\u00fcr Sch\u00e4den aus der Verletzung des Lebens, des K\u00f6rpers oder der Gesundheit, die auf einer vors\u00e4tzlichen oder grob fahrl\u00e4ssigen Pflichtverletzung des Auftragnehmers beruhen.<\/p>\n<h3>Unwirksamkeit<\/h3>\n<p>Die Unwirksamkeit einzelner Bestimmungen des Vertrages und der Gesch\u00e4ftsbedingungen f\u00fchrt nicht zur Unwirksamkeit des gesamten Vertrages.<\/p>\n<\/div>\n<\/div><\/div><\/div><\/div><\/div>\n","protected":false},"excerpt":{"rendered":"","protected":false},"author":4,"featured_media":0,"parent":0,"menu_order":0,"comment_status":"closed","ping_status":"closed","template":"100-width.php","meta":{"footnotes":""},"class_list":["post-3808","page","type-page","status-publish","hentry"],"aioseo_notices":[],"_links":{"self":[{"href":"https:\/\/www.main-frankfurt-guide.com\/fr\/wp-json\/wp\/v2\/pages\/3808","targetHints":{"allow":["GET"]}}],"collection":[{"href":"https:\/\/www.main-frankfurt-guide.com\/fr\/wp-json\/wp\/v2\/pages"}],"about":[{"href":"https:\/\/www.main-frankfurt-guide.com\/fr\/wp-json\/wp\/v2\/types\/page"}],"author":[{"embeddable":true,"href":"https:\/\/www.main-frankfurt-guide.com\/fr\/wp-json\/wp\/v2\/users\/4"}],"replies":[{"embeddable":true,"href":"https:\/\/www.main-frankfurt-guide.com\/fr\/wp-json\/wp\/v2\/comments?post=3808"}],"version-history":[{"count":1,"href":"https:\/\/www.main-frankfurt-guide.com\/fr\/wp-json\/wp\/v2\/pages\/3808\/revisions"}],"predecessor-version":[{"id":3812,"href":"https:\/\/www.main-frankfurt-guide.com\/fr\/wp-json\/wp\/v2\/pages\/3808\/revisions\/3812"}],"wp:attachment":[{"href":"https:\/\/www.main-frankfurt-guide.com\/fr\/wp-json\/wp\/v2\/media?parent=3808"}],"curies":[{"name":"wp","href":"https:\/\/api.w.org\/{rel}","templated":true}]}}